{"id":155,"date":"2025-10-12T11:10:22","date_gmt":"2025-10-12T09:10:22","guid":{"rendered":"https:\/\/tamasvarga.hu\/?page_id=155"},"modified":"2025-10-19T09:40:02","modified_gmt":"2025-10-19T07:40:02","slug":"cikkek","status":"publish","type":"page","link":"https:\/\/tamasvarga.hu\/?page_id=155","title":{"rendered":"Cikkek"},"content":{"rendered":"\t\t<div data-elementor-type=\"wp-page\" data-elementor-id=\"155\" class=\"elementor elementor-155\" data-elementor-post-type=\"page\">\n\t\t\t\t<div class=\"elementor-element elementor-element-706f903 e-flex e-con-boxed e-con e-parent\" data-id=\"706f903\" data-element_type=\"container\" data-settings=\"{&quot;jet_parallax_layout_list&quot;:[]}\">\n\t\t\t\t\t<div class=\"e-con-inner\">\n\t\t\t\t<div class=\"elementor-element elementor-element-8291246 elementor-widget elementor-widget-heading\" data-id=\"8291246\" data-element_type=\"widget\" data-widget_type=\"heading.default\">\n\t\t\t\t\t<h2 class=\"elementor-heading-title elementor-size-default\">cikkek \u00e9s vide\u00f3k<\/h2>\t\t\t\t<\/div>\n\t\t\t\t\t<\/div>\n\t\t\t\t<\/div>\n\t\t<div class=\"elementor-element elementor-element-798d20c e-flex e-con-boxed e-con e-parent\" data-id=\"798d20c\" data-element_type=\"container\" data-settings=\"{&quot;jet_parallax_layout_list&quot;:[]}\">\n\t\t\t\t\t<div class=\"e-con-inner\">\n\t\t\t\t<div class=\"elementor-element elementor-element-9ea231f elementor-grid-1 elementor-grid-tablet-1 elementor-grid-mobile-1 elementor-widget elementor-widget-loop-grid\" data-id=\"9ea231f\" data-element_type=\"widget\" data-settings=\"{&quot;template_id&quot;:157,&quot;columns&quot;:1,&quot;columns_tablet&quot;:1,&quot;_skin&quot;:&quot;post&quot;,&quot;columns_mobile&quot;:&quot;1&quot;,&quot;edit_handle_selector&quot;:&quot;[data-elementor-type=\\&quot;loop-item\\&quot;]&quot;,&quot;row_gap&quot;:{&quot;unit&quot;:&quot;px&quot;,&quot;size&quot;:&quot;&quot;,&quot;sizes&quot;:[]},&quot;row_gap_tablet&quot;:{&quot;unit&quot;:&quot;px&quot;,&quot;size&quot;:&quot;&quot;,&quot;sizes&quot;:[]},&quot;row_gap_mobile&quot;:{&quot;unit&quot;:&quot;px&quot;,&quot;size&quot;:&quot;&quot;,&quot;sizes&quot;:[]}}\" data-widget_type=\"loop-grid.post\">\n\t\t\t\t<div class=\"elementor-widget-container\">\n\t\t\t\t\t\t\t<div class=\"elementor-loop-container elementor-grid\" role=\"list\">\n\t\t<style id=\"loop-157\">.elementor-157 .elementor-element.elementor-element-a6edb0f{--display:flex;--flex-direction:row;--container-widget-width:initial;--container-widget-height:100%;--container-widget-flex-grow:1;--container-widget-align-self:stretch;--flex-wrap-mobile:wrap;--gap:0px 0px;--row-gap:0px;--column-gap:0px;}.elementor-157 .elementor-element.elementor-element-37c2834{--display:flex;--flex-direction:column;--container-widget-width:100%;--container-widget-height:initial;--container-widget-flex-grow:0;--container-widget-align-self:initial;--flex-wrap-mobile:wrap;}.elementor-157 .elementor-element.elementor-element-37c2834.e-con{--flex-grow:0;--flex-shrink:0;}.elementor-widget-theme-post-featured-image .widget-image-caption{color:var( --e-global-color-text );font-family:var( --e-global-typography-text-font-family ), Sans-serif;font-size:var( --e-global-typography-text-font-size );font-weight:var( --e-global-typography-text-font-weight );}.elementor-157 .elementor-element.elementor-element-79e0bbd{--display:flex;--flex-direction:column;--container-widget-width:100%;--container-widget-height:initial;--container-widget-flex-grow:0;--container-widget-align-self:initial;--flex-wrap-mobile:wrap;--justify-content:center;--margin-top:0px;--margin-bottom:0px;--margin-left:15px;--margin-right:0px;}.elementor-widget-theme-post-title .elementor-heading-title{font-family:var( --e-global-typography-primary-font-family ), Sans-serif;font-weight:var( --e-global-typography-primary-font-weight );text-transform:var( --e-global-typography-primary-text-transform );color:var( --e-global-color-primary );}.elementor-157 .elementor-element.elementor-element-b91965c .elementor-heading-title{font-family:\"Roboto\", Sans-serif;font-size:40px;font-weight:200;text-transform:uppercase;line-height:1.2em;color:#000000;}.elementor-widget-theme-post-excerpt{font-family:var( --e-global-typography-text-font-family ), Sans-serif;font-size:var( --e-global-typography-text-font-size );font-weight:var( --e-global-typography-text-font-weight );color:var( --e-global-color-text );}@media(max-width:1024px){.elementor-widget-theme-post-featured-image .widget-image-caption{font-size:var( --e-global-typography-text-font-size );}.elementor-widget-theme-post-excerpt{font-size:var( --e-global-typography-text-font-size );}}@media(max-width:767px){.elementor-157 .elementor-element.elementor-element-a6edb0f{--padding-top:0px;--padding-bottom:0px;--padding-left:0px;--padding-right:0px;}.elementor-widget-theme-post-featured-image .widget-image-caption{font-size:var( --e-global-typography-text-font-size );}.elementor-157 .elementor-element.elementor-element-79e0bbd{--margin-top:0px;--margin-bottom:0px;--margin-left:0px;--margin-right:0px;}.elementor-157 .elementor-element.elementor-element-b91965c .elementor-heading-title{font-size:29px;}.elementor-widget-theme-post-excerpt{font-size:var( --e-global-typography-text-font-size );}}@media(min-width:768px){.elementor-157 .elementor-element.elementor-element-37c2834{--width:34.346%;}.elementor-157 .elementor-element.elementor-element-79e0bbd{--width:100%;}}<\/style>\t\t<div data-elementor-type=\"loop-item\" data-elementor-id=\"157\" class=\"elementor elementor-157 e-loop-item e-loop-item-470 post-470 post type-post status-publish format-standard has-post-thumbnail hentry category-egyeb\" data-elementor-post-type=\"elementor_library\" data-custom-edit-handle=\"1\">\n\t\t\t<div class=\"elementor-element elementor-element-a6edb0f e-flex e-con-boxed e-con e-parent\" data-id=\"a6edb0f\" data-element_type=\"container\" data-settings=\"{&quot;jet_parallax_layout_list&quot;:[]}\">\n\t\t\t\t\t<div class=\"e-con-inner\">\n\t\t<div class=\"elementor-element elementor-element-37c2834 e-con-full e-flex e-con e-child\" data-id=\"37c2834\" data-element_type=\"container\" data-settings=\"{&quot;jet_parallax_layout_list&quot;:[]}\">\n\t\t\t\t<div class=\"elementor-element elementor-element-caa2d24 elementor-widget elementor-widget-theme-post-featured-image elementor-widget-image\" data-id=\"caa2d24\" data-element_type=\"widget\" data-widget_type=\"theme-post-featured-image.default\">\n\t\t\t\t\t\t\t\t\t\t\t\t\t\t\t\t<a href=\"https:\/\/tamasvarga.hu\/?p=470\">\n\t\t\t\t\t\t\t<img fetchpriority=\"high\" decoding=\"async\" width=\"800\" height=\"800\" src=\"https:\/\/tamasvarga.hu\/wp-content\/uploads\/2025\/11\/Privat_ballonok_30x40-1024x1024.jpg\" class=\"attachment-large size-large wp-image-471\" alt=\"\" srcset=\"https:\/\/tamasvarga.hu\/wp-content\/uploads\/2025\/11\/Privat_ballonok_30x40-1024x1024.jpg 1024w, https:\/\/tamasvarga.hu\/wp-content\/uploads\/2025\/11\/Privat_ballonok_30x40-300x300.jpg 300w, https:\/\/tamasvarga.hu\/wp-content\/uploads\/2025\/11\/Privat_ballonok_30x40-150x150.jpg 150w, https:\/\/tamasvarga.hu\/wp-content\/uploads\/2025\/11\/Privat_ballonok_30x40-768x768.jpg 768w, https:\/\/tamasvarga.hu\/wp-content\/uploads\/2025\/11\/Privat_ballonok_30x40-1536x1536.jpg 1536w, https:\/\/tamasvarga.hu\/wp-content\/uploads\/2025\/11\/Privat_ballonok_30x40.jpg 2000w\" sizes=\"(max-width: 800px) 100vw, 800px\" \/>\t\t\t\t\t\t\t\t<\/a>\n\t\t\t\t\t\t\t\t\t\t\t\t\t\t\t<\/div>\n\t\t\t\t<\/div>\n\t\t<div class=\"elementor-element elementor-element-79e0bbd e-con-full e-flex e-con e-child\" data-id=\"79e0bbd\" data-element_type=\"container\" data-settings=\"{&quot;jet_parallax_layout_list&quot;:[]}\">\n\t\t\t\t<div class=\"elementor-element elementor-element-b91965c elementor-widget elementor-widget-theme-post-title elementor-page-title elementor-widget-heading\" data-id=\"b91965c\" data-element_type=\"widget\" data-widget_type=\"theme-post-title.default\">\n\t\t\t\t\t<h1 class=\"elementor-heading-title elementor-size-default\"><a href=\"https:\/\/tamasvarga.hu\/?p=470\">\u00c1fra J\u00e1nos: S\u00e9r\u00fcl\u00e9keny testek, felszabad\u00edtott t\u00e1rgyak \/ Fot\u00f3m\u0171v\u00e9szet 2021\/2<\/a><\/h1>\t\t\t\t<\/div>\n\t\t\t\t<div class=\"elementor-element elementor-element-72a5727 elementor-widget elementor-widget-theme-post-excerpt\" data-id=\"72a5727\" data-element_type=\"widget\" data-widget_type=\"theme-post-excerpt.default\">\n\t\t\t\t\t<p>Civilben orvosk\u00e9nt, gyerekpszichi\u00e1terk\u00e9nt dolgozol. Mennyire \u00e9rzed ennek a term\u00e9keny\u00edt\u0151 hat\u00e1s\u00e1t a fotogr\u00e1fiai praxisodban? K\u00f6lcs\u00f6nhat\u00e1sban van vagy ink\u00e1bb komplementer viszonyban eg\u00e9sz\u00edti ki egym\u00e1st az \u00e9letedben ez a k\u00e9t hivat\u00e1s? Nem szeretem...\t\t\t\t<\/div>\n\t\t\t\t<\/div>\n\t\t\t\t\t<\/div>\n\t\t\t\t<\/div>\n\t\t\t\t<\/div>\n\t\t\t\t<div data-elementor-type=\"loop-item\" data-elementor-id=\"157\" class=\"elementor elementor-157 e-loop-item e-loop-item-448 post-448 post type-post status-publish format-standard has-post-thumbnail hentry category-egyeb\" data-elementor-post-type=\"elementor_library\" data-custom-edit-handle=\"1\">\n\t\t\t<div class=\"elementor-element elementor-element-a6edb0f e-flex e-con-boxed e-con e-parent\" data-id=\"a6edb0f\" data-element_type=\"container\" data-settings=\"{&quot;jet_parallax_layout_list&quot;:[]}\">\n\t\t\t\t\t<div class=\"e-con-inner\">\n\t\t<div class=\"elementor-element elementor-element-37c2834 e-con-full e-flex e-con e-child\" data-id=\"37c2834\" data-element_type=\"container\" data-settings=\"{&quot;jet_parallax_layout_list&quot;:[]}\">\n\t\t\t\t<div class=\"elementor-element elementor-element-caa2d24 elementor-widget elementor-widget-theme-post-featured-image elementor-widget-image\" data-id=\"caa2d24\" data-element_type=\"widget\" data-widget_type=\"theme-post-featured-image.default\">\n\t\t\t\t\t\t\t\t\t\t\t\t\t\t\t\t<a href=\"https:\/\/tamasvarga.hu\/?p=448\">\n\t\t\t\t\t\t\t<img decoding=\"async\" width=\"709\" height=\"707\" src=\"https:\/\/tamasvarga.hu\/wp-content\/uploads\/2025\/10\/privat_hEM1-min.jpg\" class=\"attachment-large size-large wp-image-285\" alt=\"\" srcset=\"https:\/\/tamasvarga.hu\/wp-content\/uploads\/2025\/10\/privat_hEM1-min.jpg 709w, https:\/\/tamasvarga.hu\/wp-content\/uploads\/2025\/10\/privat_hEM1-min-300x300.jpg 300w, https:\/\/tamasvarga.hu\/wp-content\/uploads\/2025\/10\/privat_hEM1-min-150x150.jpg 150w\" sizes=\"(max-width: 709px) 100vw, 709px\" \/>\t\t\t\t\t\t\t\t<\/a>\n\t\t\t\t\t\t\t\t\t\t\t\t\t\t\t<\/div>\n\t\t\t\t<\/div>\n\t\t<div class=\"elementor-element elementor-element-79e0bbd e-con-full e-flex e-con e-child\" data-id=\"79e0bbd\" data-element_type=\"container\" data-settings=\"{&quot;jet_parallax_layout_list&quot;:[]}\">\n\t\t\t\t<div class=\"elementor-element elementor-element-b91965c elementor-widget elementor-widget-theme-post-title elementor-page-title elementor-widget-heading\" data-id=\"b91965c\" data-element_type=\"widget\" data-widget_type=\"theme-post-title.default\">\n\t\t\t\t\t<h1 class=\"elementor-heading-title elementor-size-default\"><a href=\"https:\/\/tamasvarga.hu\/?p=448\">Kincses K\u00e1roly: A sokak \u00e9s az egyek \/ K\u00e1roly Kincses: The many and the one<\/a><\/h1>\t\t\t\t<\/div>\n\t\t\t\t<div class=\"elementor-element elementor-element-72a5727 elementor-widget elementor-widget-theme-post-excerpt\" data-id=\"72a5727\" data-element_type=\"widget\" data-widget_type=\"theme-post-excerpt.default\">\n\t\t\t\t\t<p>Ami\u00f3ta Ember az ember, M\u0171v\u00e9szet a m\u0171v\u00e9szet, az\u00f3ta mindig akadtak \u00e9s akadnak olyanok, akik ilyen-olyan okb\u00f3l nem \u00e1lltak bele a f\u0151sodorba. Nem \u00fagy \u00e9ltek, nem \u00fagy alkottak, mint a sokak....\t\t\t\t<\/div>\n\t\t\t\t<\/div>\n\t\t\t\t\t<\/div>\n\t\t\t\t<\/div>\n\t\t\t\t<\/div>\n\t\t\t\t<div data-elementor-type=\"loop-item\" data-elementor-id=\"157\" class=\"elementor elementor-157 e-loop-item e-loop-item-133 post-133 post type-post status-publish format-standard has-post-thumbnail hentry category-egyeb\" data-elementor-post-type=\"elementor_library\" data-custom-edit-handle=\"1\">\n\t\t\t<div class=\"elementor-element elementor-element-a6edb0f e-flex e-con-boxed e-con e-parent\" data-id=\"a6edb0f\" data-element_type=\"container\" data-settings=\"{&quot;jet_parallax_layout_list&quot;:[]}\">\n\t\t\t\t\t<div class=\"e-con-inner\">\n\t\t<div class=\"elementor-element elementor-element-37c2834 e-con-full e-flex e-con e-child\" data-id=\"37c2834\" data-element_type=\"container\" data-settings=\"{&quot;jet_parallax_layout_list&quot;:[]}\">\n\t\t\t\t<div class=\"elementor-element elementor-element-caa2d24 elementor-widget elementor-widget-theme-post-featured-image elementor-widget-image\" data-id=\"caa2d24\" data-element_type=\"widget\" data-widget_type=\"theme-post-featured-image.default\">\n\t\t\t\t\t\t\t\t\t\t\t\t\t\t\t\t<a href=\"https:\/\/tamasvarga.hu\/?p=133\">\n\t\t\t\t\t\t\t<img decoding=\"async\" width=\"800\" height=\"800\" src=\"https:\/\/tamasvarga.hu\/wp-content\/uploads\/2025\/10\/2.Mihail-Sly-min-1024x1024.jpg\" class=\"attachment-large size-large wp-image-149\" alt=\"\" srcset=\"https:\/\/tamasvarga.hu\/wp-content\/uploads\/2025\/10\/2.Mihail-Sly-min-1024x1024.jpg 1024w, https:\/\/tamasvarga.hu\/wp-content\/uploads\/2025\/10\/2.Mihail-Sly-min-300x300.jpg 300w, https:\/\/tamasvarga.hu\/wp-content\/uploads\/2025\/10\/2.Mihail-Sly-min-150x150.jpg 150w, https:\/\/tamasvarga.hu\/wp-content\/uploads\/2025\/10\/2.Mihail-Sly-min-768x768.jpg 768w, https:\/\/tamasvarga.hu\/wp-content\/uploads\/2025\/10\/2.Mihail-Sly-min-1536x1536.jpg 1536w, https:\/\/tamasvarga.hu\/wp-content\/uploads\/2025\/10\/2.Mihail-Sly-min.jpg 2000w\" sizes=\"(max-width: 800px) 100vw, 800px\" \/>\t\t\t\t\t\t\t\t<\/a>\n\t\t\t\t\t\t\t\t\t\t\t\t\t\t\t<\/div>\n\t\t\t\t<\/div>\n\t\t<div class=\"elementor-element elementor-element-79e0bbd e-con-full e-flex e-con e-child\" data-id=\"79e0bbd\" data-element_type=\"container\" data-settings=\"{&quot;jet_parallax_layout_list&quot;:[]}\">\n\t\t\t\t<div class=\"elementor-element elementor-element-b91965c elementor-widget elementor-widget-theme-post-title elementor-page-title elementor-widget-heading\" data-id=\"b91965c\" data-element_type=\"widget\" data-widget_type=\"theme-post-title.default\">\n\t\t\t\t\t<h1 class=\"elementor-heading-title elementor-size-default\"><a href=\"https:\/\/tamasvarga.hu\/?p=133\">\u00c1fra J\u00e1nos: A figyelem \u00f6r\u00f6k k\u00f6rforg\u00e1sa egy igazs\u00e1gtagad\u00f3 korban<\/a><\/h1>\t\t\t\t<\/div>\n\t\t\t\t<div class=\"elementor-element elementor-element-72a5727 elementor-widget elementor-widget-theme-post-excerpt\" data-id=\"72a5727\" data-element_type=\"widget\" data-widget_type=\"theme-post-excerpt.default\">\n\t\t\t\t\t<p>Burai \u00c1rp\u00e1d \u2013 Varga Tam\u00e1s:&nbsp;Fictures A f\u00e9nyk\u00e9pek&nbsp;n\u00e9mas\u00e1ga A t\u00e1gabb \u00e9rtelemben a megt\u00e9veszt\u00e9s aktus\u00e1ra, vagyis a kital\u00e1lts\u00e1gra, sz\u0171kebben v\u00e9ve pedig els\u0151sorban narrat\u00edv pr\u00f3zai alkot\u00e1sokra haszn\u00e1latos \u201efiction\u201d, valamint a k\u00e9pekre t\u00f6bbessz\u00e1mban utal\u00f3...\t\t\t\t<\/div>\n\t\t\t\t<\/div>\n\t\t\t\t\t<\/div>\n\t\t\t\t<\/div>\n\t\t\t\t<\/div>\n\t\t\t\t<\/div>\n\t\t\n\t\t\t\t\t\t<\/div>\n\t\t\t\t<\/div>\n\t\t\t\t\t<\/div>\n\t\t\t\t<\/div>\n\t\t<div class=\"elementor-element elementor-element-92d546e e-grid e-con-boxed e-con e-parent\" data-id=\"92d546e\" data-element_type=\"container\" data-settings=\"{&quot;shape_divider_top&quot;:&quot;mountains&quot;,&quot;jet_parallax_layout_list&quot;:[]}\">\n\t\t\t\t\t<div class=\"e-con-inner\">\n\t\t\t\t<div class=\"elementor-shape elementor-shape-top\" aria-hidden=\"true\" data-negative=\"false\">\n\t\t\t<svg xmlns=\"http:\/\/www.w3.org\/2000\/svg\" viewBox=\"0 0 1000 100\" preserveAspectRatio=\"none\">\n\t<path class=\"elementor-shape-fill\" opacity=\"0.33\" d=\"M473,67.3c-203.9,88.3-263.1-34-320.3,0C66,119.1,0,59.7,0,59.7V0h1000v59.7 c0,0-62.1,26.1-94.9,29.3c-32.8,3.3-62.8-12.3-75.8-22.1C806,49.6,745.3,8.7,694.9,4.7S492.4,59,473,67.3z\"\/>\n\t<path class=\"elementor-shape-fill\" opacity=\"0.66\" d=\"M734,67.3c-45.5,0-77.2-23.2-129.1-39.1c-28.6-8.7-150.3-10.1-254,39.1 s-91.7-34.4-149.2,0C115.7,118.3,0,39.8,0,39.8V0h1000v36.5c0,0-28.2-18.5-92.1-18.5C810.2,18.1,775.7,67.3,734,67.3z\"\/>\n\t<path class=\"elementor-shape-fill\" d=\"M766.1,28.9c-200-57.5-266,65.5-395.1,19.5C242,1.8,242,5.4,184.8,20.6C128,35.8,132.3,44.9,89.9,52.5C28.6,63.7,0,0,0,0 h1000c0,0-9.9,40.9-83.6,48.1S829.6,47,766.1,28.9z\"\/>\n<\/svg>\t\t<\/div>\n\t\t\t\t<div class=\"elementor-element elementor-element-aadeeae elementor-widget elementor-widget-video\" data-id=\"aadeeae\" data-element_type=\"widget\" data-settings=\"{&quot;youtube_url&quot;:&quot;https:\\\/\\\/youtu.be\\\/W6KBuRyymwE&quot;,&quot;video_type&quot;:&quot;youtube&quot;,&quot;controls&quot;:&quot;yes&quot;}\" data-widget_type=\"video.default\">\n\t\t\t\t\t\t\t<div class=\"elementor-wrapper elementor-open-inline\">\n\t\t\t<div class=\"elementor-video\"><\/div>\t\t<\/div>\n\t\t\t\t\t\t<\/div>\n\t\t\t\t<div class=\"elementor-element elementor-element-5fd586c elementor-widget elementor-widget-video\" data-id=\"5fd586c\" data-element_type=\"widget\" data-settings=\"{&quot;youtube_url&quot;:&quot;https:\\\/\\\/youtu.be\\\/NlHviHhwT9U&quot;,&quot;video_type&quot;:&quot;youtube&quot;,&quot;controls&quot;:&quot;yes&quot;}\" data-widget_type=\"video.default\">\n\t\t\t\t\t\t\t<div class=\"elementor-wrapper elementor-open-inline\">\n\t\t\t<div class=\"elementor-video\"><\/div>\t\t<\/div>\n\t\t\t\t\t\t<\/div>\n\t\t\t\t<div class=\"elementor-element elementor-element-17e54bc elementor-widget elementor-widget-video\" data-id=\"17e54bc\" data-element_type=\"widget\" data-settings=\"{&quot;youtube_url&quot;:&quot;https:\\\/\\\/youtu.be\\\/zseDoHh2R2c&quot;,&quot;video_type&quot;:&quot;youtube&quot;,&quot;controls&quot;:&quot;yes&quot;}\" data-widget_type=\"video.default\">\n\t\t\t\t\t\t\t<div class=\"elementor-wrapper elementor-open-inline\">\n\t\t\t<div class=\"elementor-video\"><\/div>\t\t<\/div>\n\t\t\t\t\t\t<\/div>\n\t\t\t\t<div class=\"elementor-element elementor-element-48a6ae0 elementor-widget elementor-widget-video\" data-id=\"48a6ae0\" data-element_type=\"widget\" data-settings=\"{&quot;youtube_url&quot;:&quot;https:\\\/\\\/youtu.be\\\/kYmwkBAzE10&quot;,&quot;video_type&quot;:&quot;youtube&quot;,&quot;controls&quot;:&quot;yes&quot;}\" data-widget_type=\"video.default\">\n\t\t\t\t\t\t\t<div class=\"elementor-wrapper elementor-open-inline\">\n\t\t\t<div class=\"elementor-video\"><\/div>\t\t<\/div>\n\t\t\t\t\t\t<\/div>\n\t\t\t\t<div class=\"elementor-element elementor-element-5698d81 elementor-widget elementor-widget-video\" data-id=\"5698d81\" data-element_type=\"widget\" data-settings=\"{&quot;youtube_url&quot;:&quot;https:\\\/\\\/youtu.be\\\/00yS2VEWENs&quot;,&quot;video_type&quot;:&quot;youtube&quot;,&quot;controls&quot;:&quot;yes&quot;}\" data-widget_type=\"video.default\">\n\t\t\t\t\t\t\t<div class=\"elementor-wrapper elementor-open-inline\">\n\t\t\t<div class=\"elementor-video\"><\/div>\t\t<\/div>\n\t\t\t\t\t\t<\/div>\n\t\t\t\t<div class=\"elementor-element elementor-element-aa22b16 elementor-widget elementor-widget-video\" data-id=\"aa22b16\" data-element_type=\"widget\" data-settings=\"{&quot;youtube_url&quot;:&quot;https:\\\/\\\/youtu.be\\\/eZlyC7UUDEo&quot;,&quot;video_type&quot;:&quot;youtube&quot;,&quot;controls&quot;:&quot;yes&quot;}\" data-widget_type=\"video.default\">\n\t\t\t\t\t\t\t<div class=\"elementor-wrapper elementor-open-inline\">\n\t\t\t<div class=\"elementor-video\"><\/div>\t\t<\/div>\n\t\t\t\t\t\t<\/div>\n\t\t\t\t\t<\/div>\n\t\t\t\t<\/div>\n\t\t\t\t<\/div>\n\t\t","protected":false},"excerpt":{"rendered":"<p>cikkek \u00e9s vide\u00f3k https:\/\/youtu.be\/W6KBuRyymwEhttps:\/\/youtu.be\/NlHviHhwT9Uhttps:\/\/youtu.be\/zseDoHh2R2chttps:\/\/youtu.be\/kYmwkBAzE10https:\/\/youtu.be\/00yS2VEWENshttps:\/\/youtu.be\/eZlyC7UUDEo<\/p>\n","protected":false},"author":2,"featured_media":0,"parent":0,"menu_order":0,"comment_status":"closed","ping_status":"closed","template":"","meta":{"footnotes":""},"class_list":["post-155","page","type-page","status-publish","hentry"],"_links":{"self":[{"href":"https:\/\/tamasvarga.hu\/index.php?rest_route=\/wp\/v2\/pages\/155","targetHints":{"allow":["GET"]}}],"collection":[{"href":"https:\/\/tamasvarga.hu\/index.php?rest_route=\/wp\/v2\/pages"}],"about":[{"href":"https:\/\/tamasvarga.hu\/index.php?rest_route=\/wp\/v2\/types\/page"}],"author":[{"embeddable":true,"href":"https:\/\/tamasvarga.hu\/index.php?rest_route=\/wp\/v2\/users\/2"}],"replies":[{"embeddable":true,"href":"https:\/\/tamasvarga.hu\/index.php?rest_route=%2Fwp%2Fv2%2Fcomments&post=155"}],"version-history":[{"count":23,"href":"https:\/\/tamasvarga.hu\/index.php?rest_route=\/wp\/v2\/pages\/155\/revisions"}],"predecessor-version":[{"id":388,"href":"https:\/\/tamasvarga.hu\/index.php?rest_route=\/wp\/v2\/pages\/155\/revisions\/388"}],"wp:attachment":[{"href":"https:\/\/tamasvarga.hu\/index.php?rest_route=%2Fwp%2Fv2%2Fmedia&parent=155"}],"curies":[{"name":"wp","href":"https:\/\/api.w.org\/{rel}","templated":true}]}}