{"id":37,"date":"2025-10-11T21:33:03","date_gmt":"2025-10-11T19:33:03","guid":{"rendered":"https:\/\/tamasvarga.hu\/?page_id=37"},"modified":"2025-11-30T10:30:25","modified_gmt":"2025-11-30T09:30:25","slug":"fooldal","status":"publish","type":"page","link":"https:\/\/tamasvarga.hu\/","title":{"rendered":"F\u0151oldal"},"content":{"rendered":"\t\t<div data-elementor-type=\"wp-page\" data-elementor-id=\"37\" class=\"elementor elementor-37\" data-elementor-post-type=\"page\">\n\t\t\t\t<div class=\"elementor-element elementor-element-9adebc8 e-flex e-con-boxed e-con e-parent\" data-id=\"9adebc8\" data-element_type=\"container\" data-settings=\"{&quot;background_background&quot;:&quot;classic&quot;,&quot;jet_parallax_layout_list&quot;:[]}\">\n\t\t\t\t\t<div class=\"e-con-inner\">\n\t\t\t\t<div class=\"elementor-element elementor-element-4eb94a9 elementor-widget elementor-widget-heading\" data-id=\"4eb94a9\" data-element_type=\"widget\" data-widget_type=\"heading.default\">\n\t\t\t\t\t<h2 class=\"elementor-heading-title elementor-size-default\">Tam\u00e1s Varga <\/h2>\t\t\t\t<\/div>\n\t\t\t\t<div class=\"elementor-element elementor-element-923cc12 elementor-align-center elementor-widget elementor-widget-button\" data-id=\"923cc12\" data-element_type=\"widget\" data-widget_type=\"button.default\">\n\t\t\t\t\t\t\t\t\t\t<a class=\"elementor-button elementor-button-link elementor-size-sm\" href=\"https:\/\/tamasvarga.hu\/?page_id=180\">\n\t\t\t\t\t\t<span class=\"elementor-button-content-wrapper\">\n\t\t\t\t\t\t\t\t\t<span class=\"elementor-button-text\">works<\/span>\n\t\t\t\t\t<\/span>\n\t\t\t\t\t<\/a>\n\t\t\t\t\t\t\t\t<\/div>\n\t\t\t\t\t<\/div>\n\t\t\t\t<\/div>\n\t\t<div class=\"elementor-element elementor-element-ca433e8 elementor-hidden-desktop elementor-hidden-tablet elementor-hidden-mobile e-flex e-con-boxed e-con e-parent\" data-id=\"ca433e8\" data-element_type=\"container\" data-settings=\"{&quot;jet_parallax_layout_list&quot;:[]}\">\n\t\t\t\t\t<div class=\"e-con-inner\">\n\t\t\t\t<div class=\"elementor-element elementor-element-ecc811f elementor-widget elementor-widget-heading\" data-id=\"ecc811f\" data-element_type=\"widget\" data-widget_type=\"heading.default\">\n\t\t\t\t\t<h2 class=\"elementor-heading-title elementor-size-default\">works<\/h2>\t\t\t\t<\/div>\n\t\t\t\t<div class=\"elementor-element elementor-element-9c61788 elementor-widget elementor-widget-jet-listing-grid\" data-id=\"9c61788\" data-element_type=\"widget\" data-settings=\"{&quot;columns&quot;:3}\" data-widget_type=\"jet-listing-grid.default\">\n\t\t\t\t\t<div class=\"jet-listing-grid jet-listing\"><div class=\"jet-listing-grid__items grid-col-desk-3 grid-col-tablet-3 grid-col-mobile-3 jet-listing-grid--87\" data-queried-id=\"37|WP_Post\" data-nav=\"{&quot;enabled&quot;:false,&quot;type&quot;:null,&quot;more_el&quot;:null,&quot;query&quot;:[],&quot;widget_settings&quot;:{&quot;lisitng_id&quot;:87,&quot;posts_num&quot;:6,&quot;columns&quot;:3,&quot;columns_tablet&quot;:3,&quot;columns_mobile&quot;:3,&quot;column_min_width&quot;:240,&quot;column_min_width_tablet&quot;:240,&quot;column_min_width_mobile&quot;:240,&quot;inline_columns_css&quot;:false,&quot;is_archive_template&quot;:&quot;&quot;,&quot;post_status&quot;:[&quot;publish&quot;],&quot;use_random_posts_num&quot;:&quot;&quot;,&quot;max_posts_num&quot;:9,&quot;not_found_message&quot;:&quot;No data was found&quot;,&quot;is_masonry&quot;:false,&quot;equal_columns_height&quot;:&quot;&quot;,&quot;use_load_more&quot;:&quot;&quot;,&quot;load_more_id&quot;:&quot;&quot;,&quot;load_more_type&quot;:&quot;click&quot;,&quot;load_more_offset&quot;:{&quot;unit&quot;:&quot;px&quot;,&quot;size&quot;:0,&quot;sizes&quot;:[]},&quot;use_custom_post_types&quot;:&quot;&quot;,&quot;custom_post_types&quot;:[],&quot;hide_widget_if&quot;:&quot;&quot;,&quot;carousel_enabled&quot;:&quot;&quot;,&quot;slides_to_scroll&quot;:&quot;1&quot;,&quot;arrows&quot;:&quot;true&quot;,&quot;arrow_icon&quot;:&quot;fa fa-angle-left&quot;,&quot;dots&quot;:&quot;&quot;,&quot;autoplay&quot;:&quot;true&quot;,&quot;pause_on_hover&quot;:&quot;true&quot;,&quot;autoplay_speed&quot;:5000,&quot;infinite&quot;:&quot;true&quot;,&quot;center_mode&quot;:&quot;&quot;,&quot;effect&quot;:&quot;slide&quot;,&quot;speed&quot;:500,&quot;inject_alternative_items&quot;:&quot;&quot;,&quot;injection_items&quot;:[],&quot;scroll_slider_enabled&quot;:&quot;&quot;,&quot;scroll_slider_on&quot;:[&quot;desktop&quot;,&quot;tablet&quot;,&quot;mobile&quot;],&quot;custom_query&quot;:false,&quot;custom_query_id&quot;:&quot;&quot;,&quot;_element_id&quot;:&quot;&quot;,&quot;collapse_first_last_gap&quot;:false,&quot;list_tag_selection&quot;:&quot;&quot;,&quot;list_items_wrapper_tag&quot;:&quot;div&quot;,&quot;list_item_tag&quot;:&quot;div&quot;,&quot;empty_items_wrapper_tag&quot;:&quot;div&quot;}}\" data-page=\"1\" data-pages=\"2\" data-listing-source=\"posts\" data-listing-id=\"87\" data-query-id=\"\"><div class=\"jet-listing-grid__item jet-listing-dynamic-post-469\" data-post-id=\"469\"  ><style type=\"text\/css\">.jet-listing-dynamic-post-469 .elementor-element.elementor-element-4bb3687:not(.elementor-motion-effects-element-type-background), .jet-listing-dynamic-post-469 .elementor-element.elementor-element-4bb3687 > .elementor-motion-effects-container > .elementor-motion-effects-layer{background-image:url(\"https:\/\/tamasvarga.hu\/wp-content\/uploads\/2025\/11\/Privat_dejavu160508_40x40.jpg\");}<\/style>\t\t<div data-elementor-type=\"jet-listing-items\" data-elementor-id=\"87\" class=\"elementor elementor-87\" data-elementor-post-type=\"jet-engine\">\n\t\t\t\t<div class=\"elementor-element elementor-element-0bddfdc e-con-full e-flex e-con e-parent\" data-id=\"0bddfdc\" data-element_type=\"container\" data-settings=\"{&quot;jet_parallax_layout_list&quot;:[]}\">\n\t\t<a class=\"elementor-element elementor-element-4bb3687 e-con-full e-flex e-con e-child\" data-id=\"4bb3687\" data-element_type=\"container\" data-settings=\"{&quot;background_background&quot;:&quot;classic&quot;,&quot;jet_parallax_layout_list&quot;:[]}\" href=\"https:\/\/tamasvarga.hu\/?munkak=virtual\">\n\t\t\t\t<\/a>\n\t\t\t\t<div class=\"elementor-element elementor-element-168e9bf elementor-widget elementor-widget-heading\" data-id=\"168e9bf\" data-element_type=\"widget\" data-widget_type=\"heading.default\">\n\t\t\t\t\t<h2 class=\"elementor-heading-title elementor-size-default\"><a href=\"https:\/\/tamasvarga.hu\/?munkak=virtual\">Virtual<\/a><\/h2>\t\t\t\t<\/div>\n\t\t\t\t<\/div>\n\t\t\t\t<\/div>\n\t\t<\/div><div class=\"jet-listing-grid__item jet-listing-dynamic-post-358\" data-post-id=\"358\"  ><style type=\"text\/css\">.jet-listing-dynamic-post-358 .elementor-element.elementor-element-4bb3687:not(.elementor-motion-effects-element-type-background), .jet-listing-dynamic-post-358 .elementor-element.elementor-element-4bb3687 > .elementor-motion-effects-container > .elementor-motion-effects-layer{background-image:url(\"https:\/\/tamasvarga.hu\/wp-content\/uploads\/2025\/10\/szelforgo_becs_2018_30x50.jpg\");}<\/style>\t\t<div data-elementor-type=\"jet-listing-items\" data-elementor-id=\"87\" class=\"elementor elementor-87\" data-elementor-post-type=\"jet-engine\">\n\t\t\t\t<div class=\"elementor-element elementor-element-0bddfdc e-con-full e-flex e-con e-parent\" data-id=\"0bddfdc\" data-element_type=\"container\" data-settings=\"{&quot;jet_parallax_layout_list&quot;:[]}\">\n\t\t<a class=\"elementor-element elementor-element-4bb3687 e-con-full e-flex e-con e-child\" data-id=\"4bb3687\" data-element_type=\"container\" data-settings=\"{&quot;background_background&quot;:&quot;classic&quot;,&quot;jet_parallax_layout_list&quot;:[]}\" href=\"https:\/\/tamasvarga.hu\/?munkak=timepixels\">\n\t\t\t\t<\/a>\n\t\t\t\t<div class=\"elementor-element elementor-element-168e9bf elementor-widget elementor-widget-heading\" data-id=\"168e9bf\" data-element_type=\"widget\" data-widget_type=\"heading.default\">\n\t\t\t\t\t<h2 class=\"elementor-heading-title elementor-size-default\"><a href=\"https:\/\/tamasvarga.hu\/?munkak=timepixels\">Timepixels<\/a><\/h2>\t\t\t\t<\/div>\n\t\t\t\t<\/div>\n\t\t\t\t<\/div>\n\t\t<\/div><div class=\"jet-listing-grid__item jet-listing-dynamic-post-310\" data-post-id=\"310\"  ><style type=\"text\/css\">.jet-listing-dynamic-post-310 .elementor-element.elementor-element-4bb3687:not(.elementor-motion-effects-element-type-background), .jet-listing-dynamic-post-310 .elementor-element.elementor-element-4bb3687 > .elementor-motion-effects-container > .elementor-motion-effects-layer{background-image:url(\"https:\/\/tamasvarga.hu\/wp-content\/uploads\/2025\/10\/1736875103462.jpg\");}<\/style>\t\t<div data-elementor-type=\"jet-listing-items\" data-elementor-id=\"87\" class=\"elementor elementor-87\" data-elementor-post-type=\"jet-engine\">\n\t\t\t\t<div class=\"elementor-element elementor-element-0bddfdc e-con-full e-flex e-con e-parent\" data-id=\"0bddfdc\" data-element_type=\"container\" data-settings=\"{&quot;jet_parallax_layout_list&quot;:[]}\">\n\t\t<a class=\"elementor-element elementor-element-4bb3687 e-con-full e-flex e-con e-child\" data-id=\"4bb3687\" data-element_type=\"container\" data-settings=\"{&quot;background_background&quot;:&quot;classic&quot;,&quot;jet_parallax_layout_list&quot;:[]}\" href=\"https:\/\/tamasvarga.hu\/?munkak=singing-recolored\">\n\t\t\t\t<\/a>\n\t\t\t\t<div class=\"elementor-element elementor-element-168e9bf elementor-widget elementor-widget-heading\" data-id=\"168e9bf\" data-element_type=\"widget\" data-widget_type=\"heading.default\">\n\t\t\t\t\t<h2 class=\"elementor-heading-title elementor-size-default\"><a href=\"https:\/\/tamasvarga.hu\/?munkak=singing-recolored\">Singing recolored<\/a><\/h2>\t\t\t\t<\/div>\n\t\t\t\t<\/div>\n\t\t\t\t<\/div>\n\t\t<\/div><div class=\"jet-listing-grid__item jet-listing-dynamic-post-303\" data-post-id=\"303\"  ><style type=\"text\/css\">.jet-listing-dynamic-post-303 .elementor-element.elementor-element-4bb3687:not(.elementor-motion-effects-element-type-background), .jet-listing-dynamic-post-303 .elementor-element.elementor-element-4bb3687 > .elementor-motion-effects-container > .elementor-motion-effects-layer{background-image:url(\"https:\/\/tamasvarga.hu\/wp-content\/uploads\/2025\/10\/37dry_szezon3-min.jpg\");}<\/style>\t\t<div data-elementor-type=\"jet-listing-items\" data-elementor-id=\"87\" class=\"elementor elementor-87\" data-elementor-post-type=\"jet-engine\">\n\t\t\t\t<div class=\"elementor-element elementor-element-0bddfdc e-con-full e-flex e-con e-parent\" data-id=\"0bddfdc\" data-element_type=\"container\" data-settings=\"{&quot;jet_parallax_layout_list&quot;:[]}\">\n\t\t<a class=\"elementor-element elementor-element-4bb3687 e-con-full e-flex e-con e-child\" data-id=\"4bb3687\" data-element_type=\"container\" data-settings=\"{&quot;background_background&quot;:&quot;classic&quot;,&quot;jet_parallax_layout_list&quot;:[]}\" href=\"https:\/\/tamasvarga.hu\/?munkak=season\">\n\t\t\t\t<\/a>\n\t\t\t\t<div class=\"elementor-element elementor-element-168e9bf elementor-widget elementor-widget-heading\" data-id=\"168e9bf\" data-element_type=\"widget\" data-widget_type=\"heading.default\">\n\t\t\t\t\t<h2 class=\"elementor-heading-title elementor-size-default\"><a href=\"https:\/\/tamasvarga.hu\/?munkak=season\">Season<\/a><\/h2>\t\t\t\t<\/div>\n\t\t\t\t<\/div>\n\t\t\t\t<\/div>\n\t\t<\/div><div class=\"jet-listing-grid__item jet-listing-dynamic-post-289\" data-post-id=\"289\"  ><style type=\"text\/css\">.jet-listing-dynamic-post-289 .elementor-element.elementor-element-4bb3687:not(.elementor-motion-effects-element-type-background), .jet-listing-dynamic-post-289 .elementor-element.elementor-element-4bb3687 > .elementor-motion-effects-container > .elementor-motion-effects-layer{background-image:url(\"https:\/\/tamasvarga.hu\/wp-content\/uploads\/2025\/10\/r58k-min.jpg\");}<\/style>\t\t<div data-elementor-type=\"jet-listing-items\" data-elementor-id=\"87\" class=\"elementor elementor-87\" data-elementor-post-type=\"jet-engine\">\n\t\t\t\t<div class=\"elementor-element elementor-element-0bddfdc e-con-full e-flex e-con e-parent\" data-id=\"0bddfdc\" data-element_type=\"container\" data-settings=\"{&quot;jet_parallax_layout_list&quot;:[]}\">\n\t\t<a class=\"elementor-element elementor-element-4bb3687 e-con-full e-flex e-con e-child\" data-id=\"4bb3687\" data-element_type=\"container\" data-settings=\"{&quot;background_background&quot;:&quot;classic&quot;,&quot;jet_parallax_layout_list&quot;:[]}\" href=\"https:\/\/tamasvarga.hu\/?munkak=red\">\n\t\t\t\t<\/a>\n\t\t\t\t<div class=\"elementor-element elementor-element-168e9bf elementor-widget elementor-widget-heading\" data-id=\"168e9bf\" data-element_type=\"widget\" data-widget_type=\"heading.default\">\n\t\t\t\t\t<h2 class=\"elementor-heading-title elementor-size-default\"><a href=\"https:\/\/tamasvarga.hu\/?munkak=red\">Red<\/a><\/h2>\t\t\t\t<\/div>\n\t\t\t\t<\/div>\n\t\t\t\t<\/div>\n\t\t<\/div><div class=\"jet-listing-grid__item jet-listing-dynamic-post-271\" data-post-id=\"271\"  ><style type=\"text\/css\">.jet-listing-dynamic-post-271 .elementor-element.elementor-element-4bb3687:not(.elementor-motion-effects-element-type-background), .jet-listing-dynamic-post-271 .elementor-element.elementor-element-4bb3687 > .elementor-motion-effects-container > .elementor-motion-effects-layer{background-image:url(\"https:\/\/tamasvarga.hu\/wp-content\/uploads\/2025\/10\/privat_hEM1-min.jpg\");}<\/style>\t\t<div data-elementor-type=\"jet-listing-items\" data-elementor-id=\"87\" class=\"elementor elementor-87\" data-elementor-post-type=\"jet-engine\">\n\t\t\t\t<div class=\"elementor-element elementor-element-0bddfdc e-con-full e-flex e-con e-parent\" data-id=\"0bddfdc\" data-element_type=\"container\" data-settings=\"{&quot;jet_parallax_layout_list&quot;:[]}\">\n\t\t<a class=\"elementor-element elementor-element-4bb3687 e-con-full e-flex e-con e-child\" data-id=\"4bb3687\" data-element_type=\"container\" data-settings=\"{&quot;background_background&quot;:&quot;classic&quot;,&quot;jet_parallax_layout_list&quot;:[]}\" href=\"https:\/\/tamasvarga.hu\/?munkak=microcosm-macrocosm\">\n\t\t\t\t<\/a>\n\t\t\t\t<div class=\"elementor-element elementor-element-168e9bf elementor-widget elementor-widget-heading\" data-id=\"168e9bf\" data-element_type=\"widget\" data-widget_type=\"heading.default\">\n\t\t\t\t\t<h2 class=\"elementor-heading-title elementor-size-default\"><a href=\"https:\/\/tamasvarga.hu\/?munkak=microcosm-macrocosm\">Microcosm- Macrocosm<\/a><\/h2>\t\t\t\t<\/div>\n\t\t\t\t<\/div>\n\t\t\t\t<\/div>\n\t\t<\/div><\/div><\/div>\t\t\t\t<\/div>\n\t\t\t\t\t<\/div>\n\t\t\t\t<\/div>\n\t\t<div class=\"elementor-element elementor-element-1603544 elementor-hidden-desktop elementor-hidden-tablet elementor-hidden-mobile e-flex e-con-boxed e-con e-parent\" data-id=\"1603544\" data-element_type=\"container\" data-settings=\"{&quot;jet_parallax_layout_list&quot;:[]}\">\n\t\t\t\t\t<div class=\"e-con-inner\">\n\t\t<div class=\"elementor-element elementor-element-7b1d905 e-con-full e-flex e-con e-child\" data-id=\"7b1d905\" data-element_type=\"container\" data-settings=\"{&quot;jet_parallax_layout_list&quot;:[]}\">\n\t\t\t\t<div class=\"elementor-element elementor-element-996b0ab elementor-widget elementor-widget-image\" data-id=\"996b0ab\" data-element_type=\"widget\" data-widget_type=\"image.default\">\n\t\t\t\t\t\t\t\t\t\t\t\t\t\t\t<img fetchpriority=\"high\" decoding=\"async\" width=\"800\" height=\"800\" src=\"https:\/\/tamasvarga.hu\/wp-content\/uploads\/2025\/10\/VT-min-1024x1024.jpg\" class=\"attachment-large size-large wp-image-100\" alt=\"\" srcset=\"https:\/\/tamasvarga.hu\/wp-content\/uploads\/2025\/10\/VT-min-1024x1024.jpg 1024w, https:\/\/tamasvarga.hu\/wp-content\/uploads\/2025\/10\/VT-min-300x300.jpg 300w, https:\/\/tamasvarga.hu\/wp-content\/uploads\/2025\/10\/VT-min-150x150.jpg 150w, https:\/\/tamasvarga.hu\/wp-content\/uploads\/2025\/10\/VT-min-768x768.jpg 768w, https:\/\/tamasvarga.hu\/wp-content\/uploads\/2025\/10\/VT-min-1536x1536.jpg 1536w, https:\/\/tamasvarga.hu\/wp-content\/uploads\/2025\/10\/VT-min-2048x2048.jpg 2048w\" sizes=\"(max-width: 800px) 100vw, 800px\" \/>\t\t\t\t\t\t\t\t\t\t\t\t\t\t\t<\/div>\n\t\t\t\t<\/div>\n\t\t<div class=\"elementor-element elementor-element-5454ba7 e-con-full e-flex e-con e-child\" data-id=\"5454ba7\" data-element_type=\"container\" data-settings=\"{&quot;jet_parallax_layout_list&quot;:[]}\">\n\t\t\t\t<div class=\"elementor-element elementor-element-db787b8 elementor-widget elementor-widget-heading\" data-id=\"db787b8\" data-element_type=\"widget\" data-widget_type=\"heading.default\">\n\t\t\t\t\t<h2 class=\"elementor-heading-title elementor-size-default\">bemutatkoz\u00e1s<\/h2>\t\t\t\t<\/div>\n\t\t\t\t<div class=\"elementor-element elementor-element-246b58f elementor-widget elementor-widget-heading\" data-id=\"246b58f\" data-element_type=\"widget\" data-widget_type=\"heading.default\">\n\t\t\t\t\t<h2 class=\"elementor-heading-title elementor-size-default\">Varga Tam\u00e1s<\/h2>\t\t\t\t<\/div>\n\t\t\t\t<div class=\"elementor-element elementor-element-f1036d5 elementor-widget elementor-widget-heading\" data-id=\"f1036d5\" data-element_type=\"widget\" data-widget_type=\"heading.default\">\n\t\t\t\t\t<h2 class=\"elementor-heading-title elementor-size-default\">fotogr\u00e1fus<\/h2>\t\t\t\t<\/div>\n\t\t\t\t<div class=\"elementor-element elementor-element-591a06a elementor-widget elementor-widget-text-editor\" data-id=\"591a06a\" data-element_type=\"widget\" data-widget_type=\"text-editor.default\">\n\t\t\t\t\t\t\t\t\t<p><span class=\"s3\">Varga Tam\u00e1s magyar fotogr\u00e1fus, <\/span><span class=\"s3\">leg<\/span><span class=\"s3\">ink<\/span><span class=\"s3\">\u00e1bb<\/span><span class=\"s3\"> t\u00f6rt\u00e9nelmi fot\u00f3elj\u00e1r\u00e1sokkal <\/span><span class=\"s3\">k\u00e9sz\u00edti felv\u00e9teleit<\/span><span class=\"s3\">. Az ut\u00f3bbi id\u0151ben kiz\u00e1r\u00f3lag <\/span><span class=\"s3\">koll\u00f3diumos \u00e9s ez\u00fcst<\/span> <span class=\"s3\">zselatinos sz\u00e1raz \u00fcveg<\/span><span class=\"s3\"> lemez technik\u00e1kkal foglalkozik.<\/span><\/p><p><span class=\"s3\">Sz\u00e1m\u00e1ra m\u0171v\u00e9szk\u00e9nt ez az elj\u00e1r\u00e1s<\/span><span class=\"s3\"> v\u00e1lt<\/span><span class=\"s3\"> a f\u00e9nyk\u00e9pk\u00e9sz\u00edt\u00e9s term\u00e9szetes <\/span><span class=\"s3\">\u00fatj\u00e1v\u00e1.<\/span><\/p><p><span class=\"s3\">M\u0171veit 19 egy\u00e9ni, <\/span><span class=\"s3\">f\u00fcggetlen ki\u00e1ll\u00edt\u00e1son mutatt\u00e1k be, valami<\/span><span class=\"s3\">nt t\u00f6bb mint 150<\/span><span class=\"s3\"> t\u00e1rlaton <\/span><span class=\"s3\">vet<\/span><span class=\"s3\">t<\/span><span class=\"s3\">r\u00e9szt<\/span><span class=\"s3\"> Magyarorsz\u00e1gon \u00e9s<\/span> <span class=\"s3\">vil\u00e1gszerte.<\/span><\/p><p><span class=\"s3\">Sz\u00e1mos <\/span><span class=\"s3\">fotogr\u00e1fi\u00e1val foglalkoz\u00f3<\/span><span class=\"s3\"> cikk szerz\u0151je, publik\u00e1ci\u00f3i t\u00f6bb fot\u00f3albumba, szaklapba, egy\u00e9b foly\u00f3iratba, katal\u00f3gusba \u00e9s napt\u00e1rba is beker\u00fcltek<\/span><span class=\"s3\">.<\/span><span class=\"s3\"><br \/><\/span><\/p><p><span class=\"s3\">2019 \u00f3ta \u00f6t \u00f6n\u00e1ll\u00f3 fot\u00f3albuma jelent meg.<\/span><\/p>\t\t\t\t\t\t\t\t<\/div>\n\t\t\t\t<div class=\"elementor-element elementor-element-0b23958 elementor-align-left elementor-widget elementor-widget-button\" data-id=\"0b23958\" data-element_type=\"widget\" data-widget_type=\"button.default\">\n\t\t\t\t\t\t\t\t\t\t<a class=\"elementor-button elementor-button-link elementor-size-sm\" href=\"#\">\n\t\t\t\t\t\t<span class=\"elementor-button-content-wrapper\">\n\t\t\t\t\t\t\t\t\t<span class=\"elementor-button-text\">t\u00f6bb inf\u00f3<\/span>\n\t\t\t\t\t<\/span>\n\t\t\t\t\t<\/a>\n\t\t\t\t\t\t\t\t<\/div>\n\t\t\t\t<\/div>\n\t\t\t\t\t<\/div>\n\t\t\t\t<\/div>\n\t\t<div class=\"elementor-element elementor-element-e87446c elementor-hidden-desktop elementor-hidden-tablet elementor-hidden-mobile e-flex e-con-boxed e-con e-parent\" data-id=\"e87446c\" data-element_type=\"container\" data-settings=\"{&quot;jet_parallax_layout_list&quot;:[]}\">\n\t\t\t\t\t<div class=\"e-con-inner\">\n\t\t\t\t<div class=\"elementor-element elementor-element-5f686f0 elementor-widget elementor-widget-heading\" data-id=\"5f686f0\" data-element_type=\"widget\" data-widget_type=\"heading.default\">\n\t\t\t\t\t<h2 class=\"elementor-heading-title elementor-size-default\">videos<\/h2>\t\t\t\t<\/div>\n\t\t\t\t\t<\/div>\n\t\t\t\t<\/div>\n\t\t<div class=\"elementor-element elementor-element-bbf787e e-grid elementor-hidden-desktop elementor-hidden-tablet elementor-hidden-mobile e-con-boxed e-con e-parent\" data-id=\"bbf787e\" data-element_type=\"container\" data-settings=\"{&quot;jet_parallax_layout_list&quot;:[]}\">\n\t\t\t\t\t<div class=\"e-con-inner\">\n\t\t\t\t<div class=\"elementor-element elementor-element-462168c elementor-widget elementor-widget-video\" data-id=\"462168c\" data-element_type=\"widget\" data-settings=\"{&quot;youtube_url&quot;:&quot;https:\\\/\\\/youtu.be\\\/W6KBuRyymwE&quot;,&quot;video_type&quot;:&quot;youtube&quot;,&quot;controls&quot;:&quot;yes&quot;}\" data-widget_type=\"video.default\">\n\t\t\t\t\t\t\t<div class=\"elementor-wrapper elementor-open-inline\">\n\t\t\t<div class=\"elementor-video\"><\/div>\t\t<\/div>\n\t\t\t\t\t\t<\/div>\n\t\t\t\t<div class=\"elementor-element elementor-element-a594bc6 elementor-widget elementor-widget-video\" data-id=\"a594bc6\" data-element_type=\"widget\" data-settings=\"{&quot;youtube_url&quot;:&quot;https:\\\/\\\/youtu.be\\\/NlHviHhwT9U&quot;,&quot;video_type&quot;:&quot;youtube&quot;,&quot;controls&quot;:&quot;yes&quot;}\" data-widget_type=\"video.default\">\n\t\t\t\t\t\t\t<div class=\"elementor-wrapper elementor-open-inline\">\n\t\t\t<div class=\"elementor-video\"><\/div>\t\t<\/div>\n\t\t\t\t\t\t<\/div>\n\t\t\t\t<div class=\"elementor-element elementor-element-3a8acb2 elementor-widget elementor-widget-video\" data-id=\"3a8acb2\" data-element_type=\"widget\" data-settings=\"{&quot;youtube_url&quot;:&quot;https:\\\/\\\/youtu.be\\\/zseDoHh2R2c&quot;,&quot;video_type&quot;:&quot;youtube&quot;,&quot;controls&quot;:&quot;yes&quot;}\" data-widget_type=\"video.default\">\n\t\t\t\t\t\t\t<div class=\"elementor-wrapper elementor-open-inline\">\n\t\t\t<div class=\"elementor-video\"><\/div>\t\t<\/div>\n\t\t\t\t\t\t<\/div>\n\t\t\t\t<div class=\"elementor-element elementor-element-cd4bc5b elementor-widget elementor-widget-video\" data-id=\"cd4bc5b\" data-element_type=\"widget\" data-settings=\"{&quot;youtube_url&quot;:&quot;https:\\\/\\\/youtu.be\\\/kYmwkBAzE10&quot;,&quot;video_type&quot;:&quot;youtube&quot;,&quot;controls&quot;:&quot;yes&quot;}\" data-widget_type=\"video.default\">\n\t\t\t\t\t\t\t<div class=\"elementor-wrapper elementor-open-inline\">\n\t\t\t<div class=\"elementor-video\"><\/div>\t\t<\/div>\n\t\t\t\t\t\t<\/div>\n\t\t\t\t<div class=\"elementor-element elementor-element-3d8a506 elementor-widget elementor-widget-video\" data-id=\"3d8a506\" data-element_type=\"widget\" data-settings=\"{&quot;youtube_url&quot;:&quot;https:\\\/\\\/youtu.be\\\/00yS2VEWENs&quot;,&quot;video_type&quot;:&quot;youtube&quot;,&quot;controls&quot;:&quot;yes&quot;}\" data-widget_type=\"video.default\">\n\t\t\t\t\t\t\t<div class=\"elementor-wrapper elementor-open-inline\">\n\t\t\t<div class=\"elementor-video\"><\/div>\t\t<\/div>\n\t\t\t\t\t\t<\/div>\n\t\t\t\t<div class=\"elementor-element elementor-element-eee825d elementor-widget elementor-widget-video\" data-id=\"eee825d\" data-element_type=\"widget\" data-settings=\"{&quot;youtube_url&quot;:&quot;https:\\\/\\\/youtu.be\\\/eZlyC7UUDEo&quot;,&quot;video_type&quot;:&quot;youtube&quot;,&quot;controls&quot;:&quot;yes&quot;}\" data-widget_type=\"video.default\">\n\t\t\t\t\t\t\t<div class=\"elementor-wrapper elementor-open-inline\">\n\t\t\t<div class=\"elementor-video\"><\/div>\t\t<\/div>\n\t\t\t\t\t\t<\/div>\n\t\t\t\t\t<\/div>\n\t\t\t\t<\/div>\n\t\t\t\t<\/div>\n\t\t","protected":false},"excerpt":{"rendered":"<p>Tam\u00e1s Varga works works bemutatkoz\u00e1s Varga Tam\u00e1s fotogr\u00e1fus Varga Tam\u00e1s magyar fotogr\u00e1fus, legink\u00e1bb t\u00f6rt\u00e9nelmi fot\u00f3elj\u00e1r\u00e1sokkal k\u00e9sz\u00edti felv\u00e9teleit. Az ut\u00f3bbi id\u0151ben kiz\u00e1r\u00f3lag koll\u00f3diumos \u00e9s ez\u00fcst zselatinos sz\u00e1raz \u00fcveg lemez technik\u00e1kkal foglalkozik. Sz\u00e1m\u00e1ra m\u0171v\u00e9szk\u00e9nt ez az elj\u00e1r\u00e1s v\u00e1lt a f\u00e9nyk\u00e9pk\u00e9sz\u00edt\u00e9s term\u00e9szetes \u00fatj\u00e1v\u00e1. M\u0171veit 19 egy\u00e9ni, f\u00fcggetlen ki\u00e1ll\u00edt\u00e1son mutatt\u00e1k be, valamint t\u00f6bb mint 150 t\u00e1rlaton vettr\u00e9szt Magyarorsz\u00e1gon \u00e9s [&hellip;]<\/p>\n","protected":false},"author":2,"featured_media":0,"parent":0,"menu_order":0,"comment_status":"closed","ping_status":"closed","template":"","meta":{"footnotes":""},"class_list":["post-37","page","type-page","status-publish","hentry"],"_links":{"self":[{"href":"https:\/\/tamasvarga.hu\/index.php?rest_route=\/wp\/v2\/pages\/37","targetHints":{"allow":["GET"]}}],"collection":[{"href":"https:\/\/tamasvarga.hu\/index.php?rest_route=\/wp\/v2\/pages"}],"about":[{"href":"https:\/\/tamasvarga.hu\/index.php?rest_route=\/wp\/v2\/types\/page"}],"author":[{"embeddable":true,"href":"https:\/\/tamasvarga.hu\/index.php?rest_route=\/wp\/v2\/users\/2"}],"replies":[{"embeddable":true,"href":"https:\/\/tamasvarga.hu\/index.php?rest_route=%2Fwp%2Fv2%2Fcomments&post=37"}],"version-history":[{"count":34,"href":"https:\/\/tamasvarga.hu\/index.php?rest_route=\/wp\/v2\/pages\/37\/revisions"}],"predecessor-version":[{"id":431,"href":"https:\/\/tamasvarga.hu\/index.php?rest_route=\/wp\/v2\/pages\/37\/revisions\/431"}],"wp:attachment":[{"href":"https:\/\/tamasvarga.hu\/index.php?rest_route=%2Fwp%2Fv2%2Fmedia&parent=37"}],"curies":[{"name":"wp","href":"https:\/\/api.w.org\/{rel}","templated":true}]}}