{"id":386,"date":"2025-11-29T13:05:43","date_gmt":"2025-11-29T12:05:43","guid":{"rendered":"https:\/\/tamasvarga.hu\/?page_id=386"},"modified":"2025-12-05T12:25:36","modified_gmt":"2025-12-05T11:25:36","slug":"books","status":"publish","type":"page","link":"https:\/\/tamasvarga.hu\/?page_id=386","title":{"rendered":"Books"},"content":{"rendered":"\t\t<div data-elementor-type=\"wp-page\" data-elementor-id=\"386\" class=\"elementor elementor-386\" data-elementor-post-type=\"page\">\n\t\t\t\t<div class=\"elementor-element elementor-element-37aed25 e-flex e-con-boxed e-con e-parent\" data-id=\"37aed25\" data-element_type=\"container\" data-settings=\"{&quot;jet_parallax_layout_list&quot;:[]}\">\n\t\t\t\t\t<div class=\"e-con-inner\">\n\t\t\t\t<div class=\"elementor-element elementor-element-3679bab elementor-widget elementor-widget-heading\" data-id=\"3679bab\" data-element_type=\"widget\" data-widget_type=\"heading.default\">\n\t\t\t\t\t<h2 class=\"elementor-heading-title elementor-size-default\">books<\/h2>\t\t\t\t<\/div>\n\t\t\t\t\t<\/div>\n\t\t\t\t<\/div>\n\t\t<div class=\"elementor-element elementor-element-fc846b2 e-flex e-con-boxed e-con e-parent\" data-id=\"fc846b2\" data-element_type=\"container\" data-settings=\"{&quot;jet_parallax_layout_list&quot;:[]}\">\n\t\t\t\t\t<div class=\"e-con-inner\">\n\t\t<div class=\"elementor-element elementor-element-06fac5f e-con-full e-flex e-con e-child\" data-id=\"06fac5f\" data-element_type=\"container\" data-settings=\"{&quot;jet_parallax_layout_list&quot;:[]}\">\n\t\t<div class=\"elementor-element elementor-element-cacb366 e-con-full e-flex e-con e-child\" data-id=\"cacb366\" data-element_type=\"container\" data-settings=\"{&quot;jet_parallax_layout_list&quot;:[]}\">\n\t\t\t\t<div class=\"elementor-element elementor-element-38b275e elementor-widget elementor-widget-image\" data-id=\"38b275e\" data-element_type=\"widget\" data-widget_type=\"image.default\">\n\t\t\t\t\t\t\t\t\t\t\t\t\t\t\t\t<a href=\"https:\/\/tamasvarga.hu\/wp-content\/uploads\/2025\/11\/silver.jpg\" data-elementor-open-lightbox=\"no\">\n\t\t\t\t\t\t\t<img fetchpriority=\"high\" decoding=\"async\" width=\"800\" height=\"576\" src=\"https:\/\/tamasvarga.hu\/wp-content\/uploads\/2025\/11\/silver-1024x737.jpg\" class=\"attachment-large size-large wp-image-434\" alt=\"\" srcset=\"https:\/\/tamasvarga.hu\/wp-content\/uploads\/2025\/11\/silver-1024x737.jpg 1024w, https:\/\/tamasvarga.hu\/wp-content\/uploads\/2025\/11\/silver-300x216.jpg 300w, https:\/\/tamasvarga.hu\/wp-content\/uploads\/2025\/11\/silver-768x553.jpg 768w, https:\/\/tamasvarga.hu\/wp-content\/uploads\/2025\/11\/silver-1536x1106.jpg 1536w, https:\/\/tamasvarga.hu\/wp-content\/uploads\/2025\/11\/silver.jpg 2048w\" sizes=\"(max-width: 800px) 100vw, 800px\" \/>\t\t\t\t\t\t\t\t<\/a>\n\t\t\t\t\t\t\t\t\t\t\t\t\t\t\t<\/div>\n\t\t\t\t<\/div>\n\t\t<div class=\"elementor-element elementor-element-42f7df6 e-con-full e-flex e-con e-child\" data-id=\"42f7df6\" data-element_type=\"container\" data-settings=\"{&quot;jet_parallax_layout_list&quot;:[]}\">\n\t\t\t\t<div class=\"elementor-element elementor-element-dfdc474 elementor-widget elementor-widget-heading\" data-id=\"dfdc474\" data-element_type=\"widget\" data-widget_type=\"heading.default\">\n\t\t\t\t\t<h2 class=\"elementor-heading-title elementor-size-default\">SILVER<\/h2>\t\t\t\t<\/div>\n\t\t\t\t<div class=\"elementor-element elementor-element-3e89c94 elementor-widget elementor-widget-heading\" data-id=\"3e89c94\" data-element_type=\"widget\" data-widget_type=\"heading.default\">\n\t\t\t\t\t<h2 class=\"elementor-heading-title elementor-size-default\">varga tam\u00e1s <\/h2>\t\t\t\t<\/div>\n\t\t\t\t<div class=\"elementor-element elementor-element-9bf722f elementor-widget elementor-widget-text-editor\" data-id=\"9bf722f\" data-element_type=\"widget\" data-widget_type=\"text-editor.default\">\n\t\t\t\t\t\t\t\t\t<p>rendelhet\u0151 \/ available for order<\/p>\t\t\t\t\t\t\t\t<\/div>\n\t\t\t\t<\/div>\n\t\t\t\t<\/div>\n\t\t\t\t\t<\/div>\n\t\t\t\t<\/div>\n\t\t<div class=\"elementor-element elementor-element-4a46dab e-flex e-con-boxed e-con e-parent\" data-id=\"4a46dab\" data-element_type=\"container\" data-settings=\"{&quot;jet_parallax_layout_list&quot;:[]}\">\n\t\t\t\t\t<div class=\"e-con-inner\">\n\t\t<div class=\"elementor-element elementor-element-1a74e5a e-con-full e-flex e-con e-child\" data-id=\"1a74e5a\" data-element_type=\"container\" data-settings=\"{&quot;jet_parallax_layout_list&quot;:[]}\">\n\t\t<div class=\"elementor-element elementor-element-fcf0a95 e-con-full e-flex e-con e-child\" data-id=\"fcf0a95\" data-element_type=\"container\" data-settings=\"{&quot;jet_parallax_layout_list&quot;:[]}\">\n\t\t\t\t<div class=\"elementor-element elementor-element-57c60f6 elementor-widget elementor-widget-image\" data-id=\"57c60f6\" data-element_type=\"widget\" data-widget_type=\"image.default\">\n\t\t\t\t\t\t\t\t\t\t\t\t\t\t\t\t<a href=\"https:\/\/tamasvarga.hu\/wp-content\/uploads\/2025\/11\/image1-1-1.jpeg\" data-elementor-open-lightbox=\"no\">\n\t\t\t\t\t\t\t<img decoding=\"async\" width=\"800\" height=\"800\" src=\"https:\/\/tamasvarga.hu\/wp-content\/uploads\/2025\/11\/image1-1-1-1024x1024.jpeg\" class=\"attachment-large size-large wp-image-443\" alt=\"\" srcset=\"https:\/\/tamasvarga.hu\/wp-content\/uploads\/2025\/11\/image1-1-1-1024x1024.jpeg 1024w, https:\/\/tamasvarga.hu\/wp-content\/uploads\/2025\/11\/image1-1-1-300x300.jpeg 300w, https:\/\/tamasvarga.hu\/wp-content\/uploads\/2025\/11\/image1-1-1-150x150.jpeg 150w, https:\/\/tamasvarga.hu\/wp-content\/uploads\/2025\/11\/image1-1-1-768x768.jpeg 768w, https:\/\/tamasvarga.hu\/wp-content\/uploads\/2025\/11\/image1-1-1.jpeg 1280w\" sizes=\"(max-width: 800px) 100vw, 800px\" \/>\t\t\t\t\t\t\t\t<\/a>\n\t\t\t\t\t\t\t\t\t\t\t\t\t\t\t<\/div>\n\t\t\t\t<\/div>\n\t\t<div class=\"elementor-element elementor-element-6df2518 e-con-full e-flex e-con e-child\" data-id=\"6df2518\" data-element_type=\"container\" data-settings=\"{&quot;jet_parallax_layout_list&quot;:[]}\">\n\t\t\t\t<div class=\"elementor-element elementor-element-76b8609 elementor-widget elementor-widget-heading\" data-id=\"76b8609\" data-element_type=\"widget\" data-widget_type=\"heading.default\">\n\t\t\t\t\t<h2 class=\"elementor-heading-title elementor-size-default\">LEVEG\u0150<\/h2>\t\t\t\t<\/div>\n\t\t\t\t<div class=\"elementor-element elementor-element-67469af elementor-widget elementor-widget-heading\" data-id=\"67469af\" data-element_type=\"widget\" data-widget_type=\"heading.default\">\n\t\t\t\t\t<h2 class=\"elementor-heading-title elementor-size-default\">KIS M\u00d3NIKA-varga tam\u00e1s<\/h2>\t\t\t\t<\/div>\n\t\t\t\t<div class=\"elementor-element elementor-element-992e451 elementor-widget elementor-widget-text-editor\" data-id=\"992e451\" data-element_type=\"widget\" data-widget_type=\"text-editor.default\">\n\t\t\t\t\t\t\t\t\t<p>rendelhet\u0151 \/ available for order<\/p>\t\t\t\t\t\t\t\t<\/div>\n\t\t\t\t<\/div>\n\t\t\t\t<\/div>\n\t\t\t\t\t<\/div>\n\t\t\t\t<\/div>\n\t\t<div class=\"elementor-element elementor-element-c603e27 e-flex e-con-boxed e-con e-parent\" data-id=\"c603e27\" data-element_type=\"container\" data-settings=\"{&quot;jet_parallax_layout_list&quot;:[]}\">\n\t\t\t\t\t<div class=\"e-con-inner\">\n\t\t<div class=\"elementor-element elementor-element-046ecce e-con-full e-flex e-con e-child\" data-id=\"046ecce\" data-element_type=\"container\" data-settings=\"{&quot;jet_parallax_layout_list&quot;:[]}\">\n\t\t<div class=\"elementor-element elementor-element-5d3c5f3 e-con-full e-flex e-con e-child\" data-id=\"5d3c5f3\" data-element_type=\"container\" data-settings=\"{&quot;jet_parallax_layout_list&quot;:[]}\">\n\t\t\t\t<div class=\"elementor-element elementor-element-a042e5f elementor-widget elementor-widget-image\" data-id=\"a042e5f\" data-element_type=\"widget\" data-widget_type=\"image.default\">\n\t\t\t\t\t\t\t\t\t\t\t\t\t\t\t\t<a href=\"https:\/\/tamasvarga.hu\/wp-content\/uploads\/2025\/10\/Varga-Tamas-Fictures-300x300mm2-1.jpg\" data-elementor-open-lightbox=\"no\">\n\t\t\t\t\t\t\t<img decoding=\"async\" width=\"800\" height=\"800\" src=\"https:\/\/tamasvarga.hu\/wp-content\/uploads\/2025\/10\/Varga-Tamas-Fictures-300x300mm2-1-1024x1024.jpg\" class=\"attachment-large size-large wp-image-243\" alt=\"\" srcset=\"https:\/\/tamasvarga.hu\/wp-content\/uploads\/2025\/10\/Varga-Tamas-Fictures-300x300mm2-1-1024x1024.jpg 1024w, https:\/\/tamasvarga.hu\/wp-content\/uploads\/2025\/10\/Varga-Tamas-Fictures-300x300mm2-1-300x300.jpg 300w, https:\/\/tamasvarga.hu\/wp-content\/uploads\/2025\/10\/Varga-Tamas-Fictures-300x300mm2-1-150x150.jpg 150w, https:\/\/tamasvarga.hu\/wp-content\/uploads\/2025\/10\/Varga-Tamas-Fictures-300x300mm2-1-768x768.jpg 768w, https:\/\/tamasvarga.hu\/wp-content\/uploads\/2025\/10\/Varga-Tamas-Fictures-300x300mm2-1-1536x1536.jpg 1536w, https:\/\/tamasvarga.hu\/wp-content\/uploads\/2025\/10\/Varga-Tamas-Fictures-300x300mm2-1.jpg 1772w\" sizes=\"(max-width: 800px) 100vw, 800px\" \/>\t\t\t\t\t\t\t\t<\/a>\n\t\t\t\t\t\t\t\t\t\t\t\t\t\t\t<\/div>\n\t\t\t\t<\/div>\n\t\t<div class=\"elementor-element elementor-element-f513441 e-con-full e-flex e-con e-child\" data-id=\"f513441\" data-element_type=\"container\" data-settings=\"{&quot;jet_parallax_layout_list&quot;:[]}\">\n\t\t\t\t<div class=\"elementor-element elementor-element-2b2ae4f elementor-widget elementor-widget-heading\" data-id=\"2b2ae4f\" data-element_type=\"widget\" data-widget_type=\"heading.default\">\n\t\t\t\t\t<h2 class=\"elementor-heading-title elementor-size-default\">Fictures<\/h2>\t\t\t\t<\/div>\n\t\t\t\t<div class=\"elementor-element elementor-element-ccb6022 elementor-widget elementor-widget-heading\" data-id=\"ccb6022\" data-element_type=\"widget\" data-widget_type=\"heading.default\">\n\t\t\t\t\t<h2 class=\"elementor-heading-title elementor-size-default\">varga tam\u00e1s - burai \u00e1rp\u00e1d<\/h2>\t\t\t\t<\/div>\n\t\t\t\t<div class=\"elementor-element elementor-element-ec093e1 elementor-widget elementor-widget-text-editor\" data-id=\"ec093e1\" data-element_type=\"widget\" data-widget_type=\"text-editor.default\">\n\t\t\t\t\t\t\t\t\t<p>rendelhet\u0151 \/ available for order<\/p>\t\t\t\t\t\t\t\t<\/div>\n\t\t\t\t<\/div>\n\t\t\t\t<\/div>\n\t\t\t\t\t<\/div>\n\t\t\t\t<\/div>\n\t\t<div class=\"elementor-element elementor-element-b536201 e-flex e-con-boxed e-con e-parent\" data-id=\"b536201\" data-element_type=\"container\" data-settings=\"{&quot;jet_parallax_layout_list&quot;:[]}\">\n\t\t\t\t\t<div class=\"e-con-inner\">\n\t\t<div class=\"elementor-element elementor-element-43a0e13 e-con-full e-flex e-con e-child\" data-id=\"43a0e13\" data-element_type=\"container\" data-settings=\"{&quot;jet_parallax_layout_list&quot;:[]}\">\n\t\t<div class=\"elementor-element elementor-element-ae40ec9 e-con-full e-flex e-con e-child\" data-id=\"ae40ec9\" data-element_type=\"container\" data-settings=\"{&quot;jet_parallax_layout_list&quot;:[]}\">\n\t\t\t\t<div class=\"elementor-element elementor-element-1ec801e elementor-widget elementor-widget-image\" data-id=\"1ec801e\" data-element_type=\"widget\" data-widget_type=\"image.default\">\n\t\t\t\t\t\t\t\t\t\t\t\t\t\t\t\t<a href=\"https:\/\/tamasvarga.hu\/wp-content\/uploads\/2025\/11\/red.png\" data-elementor-open-lightbox=\"no\">\n\t\t\t\t\t\t\t<img loading=\"lazy\" decoding=\"async\" width=\"800\" height=\"450\" src=\"https:\/\/tamasvarga.hu\/wp-content\/uploads\/2025\/11\/red-1024x576.png\" class=\"attachment-large size-large wp-image-444\" alt=\"\" srcset=\"https:\/\/tamasvarga.hu\/wp-content\/uploads\/2025\/11\/red-1024x576.png 1024w, https:\/\/tamasvarga.hu\/wp-content\/uploads\/2025\/11\/red-300x169.png 300w, https:\/\/tamasvarga.hu\/wp-content\/uploads\/2025\/11\/red-768x432.png 768w, https:\/\/tamasvarga.hu\/wp-content\/uploads\/2025\/11\/red-1536x864.png 1536w, https:\/\/tamasvarga.hu\/wp-content\/uploads\/2025\/11\/red.png 1920w\" sizes=\"(max-width: 800px) 100vw, 800px\" \/>\t\t\t\t\t\t\t\t<\/a>\n\t\t\t\t\t\t\t\t\t\t\t\t\t\t\t<\/div>\n\t\t\t\t<\/div>\n\t\t<div class=\"elementor-element elementor-element-0c389d7 e-con-full e-flex e-con e-child\" data-id=\"0c389d7\" data-element_type=\"container\" data-settings=\"{&quot;jet_parallax_layout_list&quot;:[]}\">\n\t\t\t\t<div class=\"elementor-element elementor-element-d7ea6d8 elementor-widget elementor-widget-heading\" data-id=\"d7ea6d8\" data-element_type=\"widget\" data-widget_type=\"heading.default\">\n\t\t\t\t\t<h2 class=\"elementor-heading-title elementor-size-default\">RED<\/h2>\t\t\t\t<\/div>\n\t\t\t\t<div class=\"elementor-element elementor-element-7838cb4 elementor-widget elementor-widget-heading\" data-id=\"7838cb4\" data-element_type=\"widget\" data-widget_type=\"heading.default\">\n\t\t\t\t\t<h2 class=\"elementor-heading-title elementor-size-default\">varga tam\u00e1s<\/h2>\t\t\t\t<\/div>\n\t\t\t\t<div class=\"elementor-element elementor-element-d72048f elementor-widget elementor-widget-text-editor\" data-id=\"d72048f\" data-element_type=\"widget\" data-widget_type=\"text-editor.default\">\n\t\t\t\t\t\t\t\t\t<p>rendelhet\u0151 \/ available for order<\/p>\t\t\t\t\t\t\t\t<\/div>\n\t\t\t\t<\/div>\n\t\t\t\t<\/div>\n\t\t\t\t\t<\/div>\n\t\t\t\t<\/div>\n\t\t<div class=\"elementor-element elementor-element-f11470b e-flex e-con-boxed e-con e-parent\" data-id=\"f11470b\" data-element_type=\"container\" data-settings=\"{&quot;jet_parallax_layout_list&quot;:[]}\">\n\t\t\t\t\t<div class=\"e-con-inner\">\n\t\t<div class=\"elementor-element elementor-element-fefc348 e-con-full e-flex e-con e-child\" data-id=\"fefc348\" data-element_type=\"container\" data-settings=\"{&quot;jet_parallax_layout_list&quot;:[]}\">\n\t\t<div class=\"elementor-element elementor-element-d4c5d09 e-con-full e-flex e-con e-child\" data-id=\"d4c5d09\" data-element_type=\"container\" data-settings=\"{&quot;jet_parallax_layout_list&quot;:[]}\">\n\t\t\t\t<div class=\"elementor-element elementor-element-3a0b2e2 elementor-widget elementor-widget-image\" data-id=\"3a0b2e2\" data-element_type=\"widget\" data-widget_type=\"image.default\">\n\t\t\t\t\t\t\t\t\t\t\t\t\t\t\t\t<a href=\"https:\/\/tamasvarga.hu\/wp-content\/uploads\/2025\/11\/image0-2.jpeg\" data-elementor-open-lightbox=\"no\">\n\t\t\t\t\t\t\t<img loading=\"lazy\" decoding=\"async\" width=\"800\" height=\"800\" src=\"https:\/\/tamasvarga.hu\/wp-content\/uploads\/2025\/11\/image0-2-1024x1024.jpeg\" class=\"attachment-large size-large wp-image-432\" alt=\"\" srcset=\"https:\/\/tamasvarga.hu\/wp-content\/uploads\/2025\/11\/image0-2-1024x1024.jpeg 1024w, https:\/\/tamasvarga.hu\/wp-content\/uploads\/2025\/11\/image0-2-300x300.jpeg 300w, https:\/\/tamasvarga.hu\/wp-content\/uploads\/2025\/11\/image0-2-150x150.jpeg 150w, https:\/\/tamasvarga.hu\/wp-content\/uploads\/2025\/11\/image0-2-768x768.jpeg 768w, https:\/\/tamasvarga.hu\/wp-content\/uploads\/2025\/11\/image0-2.jpeg 1280w\" sizes=\"(max-width: 800px) 100vw, 800px\" \/>\t\t\t\t\t\t\t\t<\/a>\n\t\t\t\t\t\t\t\t\t\t\t\t\t\t\t<\/div>\n\t\t\t\t<\/div>\n\t\t<div class=\"elementor-element elementor-element-9ed4f0e e-con-full e-flex e-con e-child\" data-id=\"9ed4f0e\" data-element_type=\"container\" data-settings=\"{&quot;jet_parallax_layout_list&quot;:[]}\">\n\t\t\t\t<div class=\"elementor-element elementor-element-fba3d6b elementor-widget elementor-widget-heading\" data-id=\"fba3d6b\" data-element_type=\"widget\" data-widget_type=\"heading.default\">\n\t\t\t\t\t<h2 class=\"elementor-heading-title elementor-size-default\">fekete \/ black <\/h2>\t\t\t\t<\/div>\n\t\t\t\t<div class=\"elementor-element elementor-element-91183be elementor-widget elementor-widget-heading\" data-id=\"91183be\" data-element_type=\"widget\" data-widget_type=\"heading.default\">\n\t\t\t\t\t<h2 class=\"elementor-heading-title elementor-size-default\">varga tam\u00e1s <\/h2>\t\t\t\t<\/div>\n\t\t\t\t<div class=\"elementor-element elementor-element-b0bb21b elementor-widget elementor-widget-text-editor\" data-id=\"b0bb21b\" data-element_type=\"widget\" data-widget_type=\"text-editor.default\">\n\t\t\t\t\t\t\t\t\t<p>rendelhet\u0151 \/ available for order<\/p>\t\t\t\t\t\t\t\t<\/div>\n\t\t\t\t<\/div>\n\t\t\t\t<\/div>\n\t\t\t\t\t<\/div>\n\t\t\t\t<\/div>\n\t\t\t\t<\/div>\n\t\t","protected":false},"excerpt":{"rendered":"<p>books SILVER varga tam\u00e1s rendelhet\u0151 \/ available for order LEVEG\u0150 KIS M\u00d3NIKA-varga tam\u00e1s rendelhet\u0151 \/ available for order Fictures varga tam\u00e1s &#8211; burai \u00e1rp\u00e1d rendelhet\u0151 \/ available for order RED varga tam\u00e1s rendelhet\u0151 \/ available for order fekete \/ black varga tam\u00e1s rendelhet\u0151 \/ available for order<\/p>\n","protected":false},"author":2,"featured_media":0,"parent":0,"menu_order":0,"comment_status":"closed","ping_status":"closed","template":"","meta":{"footnotes":""},"class_list":["post-386","page","type-page","status-publish","hentry"],"_links":{"self":[{"href":"https:\/\/tamasvarga.hu\/index.php?rest_route=\/wp\/v2\/pages\/386","targetHints":{"allow":["GET"]}}],"collection":[{"href":"https:\/\/tamasvarga.hu\/index.php?rest_route=\/wp\/v2\/pages"}],"about":[{"href":"https:\/\/tamasvarga.hu\/index.php?rest_route=\/wp\/v2\/types\/page"}],"author":[{"embeddable":true,"href":"https:\/\/tamasvarga.hu\/index.php?rest_route=\/wp\/v2\/users\/2"}],"replies":[{"embeddable":true,"href":"https:\/\/tamasvarga.hu\/index.php?rest_route=%2Fwp%2Fv2%2Fcomments&post=386"}],"version-history":[{"count":22,"href":"https:\/\/tamasvarga.hu\/index.php?rest_route=\/wp\/v2\/pages\/386\/revisions"}],"predecessor-version":[{"id":500,"href":"https:\/\/tamasvarga.hu\/index.php?rest_route=\/wp\/v2\/pages\/386\/revisions\/500"}],"wp:attachment":[{"href":"https:\/\/tamasvarga.hu\/index.php?rest_route=%2Fwp%2Fv2%2Fmedia&parent=386"}],"curies":[{"name":"wp","href":"https:\/\/api.w.org\/{rel}","templated":true}]}}